
{"id":125,"date":"2018-05-29T13:17:19","date_gmt":"2018-05-29T12:17:19","guid":{"rendered":"https:\/\/www.sjdukelska.cz\/?page_id=125"},"modified":"2018-11-19T20:36:50","modified_gmt":"2018-11-19T19:36:50","slug":"gdpr","status":"publish","type":"page","link":"https:\/\/www.sjdukelska.cz\/?page_id=125","title":{"rendered":"GDPR"},"content":{"rendered":"<p><strong>Formul\u00e1\u0159e se souhlasem zpracov\u00e1n\u00ed osobn\u00edch dat dle GDPR:<\/strong><\/p>\n<p><a href=\"https:\/\/www.sjdukelska.cz\/wp-content\/uploads\/2018\/11\/gdpr_002.pdf\" target=\"_blank\" rel=\"noopener\">Souhlas ve form\u00e1tu PDF<\/a><br \/>\n<a href=\"https:\/\/www.sjdukelska.cz\/wp-content\/uploads\/2018\/11\/gdpr_002.rtf\" target=\"_blank\" rel=\"noopener\">Souhlas ve form\u00e1tu RTF<\/a> (lze upravovat v MS Word, LibreOffice, OpenOffice a dal\u0161\u00ed)<\/p>\n<p><strong>Ochrana osobn\u00edch dat<\/strong><\/p>\n<p>Pov\u011b\u0159enec pro ochranu osobn\u00edch \u00fadaj\u016f<br \/>\n<strong>Ing. Petr \u0160t\u011btka<\/strong><br \/>\nKontaktn\u00ed \u00fadaje na pov\u011b\u0159ence : <a href=\"mailto:poverenec@benesov-city.cz\">poverenec@benesov-city.cz<\/a>\u00a0\u00a0\u00a0 telefon: + 420 731 609 403<\/p>\n<p><strong>Dozorov\u00fd \u00fa\u0159ad:<\/strong><br \/>\n\u00da\u0159ad pro ochranu osobn\u00edch \u00fadaj\u016f<br \/>\nPplk.Sochora 27<br \/>\n170 00 Praha 7<br \/>\nE-mail: <a href=\"mailto:posta@uoou.cz\">posta@uoou.cz<\/a><\/p>\n","protected":false},"excerpt":{"rendered":"<p>Formul\u00e1\u0159e se souhlasem zpracov\u00e1n\u00ed osobn\u00edch dat dle GDPR: Souhlas ve form\u00e1tu PDF Souhlas ve form\u00e1tu RTF (lze upravovat v MS Word, LibreOffice, OpenOffice a dal\u0161\u00ed) Ochrana osobn\u00edch dat Pov\u011b\u0159enec pro ochranu osobn\u00edch \u00fadaj\u016f Ing. Petr \u0160t\u011btka Kontaktn\u00ed \u00fadaje na pov\u011b\u0159ence &hellip; <a href=\"https:\/\/www.sjdukelska.cz\/?page_id=125\">Cel\u00fd p\u0159\u00edsp\u011bvek <span class=\"meta-nav\">&rarr;<\/span><\/a><\/p>\n","protected":false},"author":1,"featured_media":0,"parent":0,"menu_order":0,"comment_status":"closed","ping_status":"closed","template":"","meta":{"footnotes":""},"class_list":["post-125","page","type-page","status-publish","hentry"],"_links":{"self":[{"href":"https:\/\/www.sjdukelska.cz\/index.php?rest_route=\/wp\/v2\/pages\/125","targetHints":{"allow":["GET"]}}],"collection":[{"href":"https:\/\/www.sjdukelska.cz\/index.php?rest_route=\/wp\/v2\/pages"}],"about":[{"href":"https:\/\/www.sjdukelska.cz\/index.php?rest_route=\/wp\/v2\/types\/page"}],"author":[{"embeddable":true,"href":"https:\/\/www.sjdukelska.cz\/index.php?rest_route=\/wp\/v2\/users\/1"}],"replies":[{"embeddable":true,"href":"https:\/\/www.sjdukelska.cz\/index.php?rest_route=%2Fwp%2Fv2%2Fcomments&post=125"}],"version-history":[{"count":6,"href":"https:\/\/www.sjdukelska.cz\/index.php?rest_route=\/wp\/v2\/pages\/125\/revisions"}],"predecessor-version":[{"id":194,"href":"https:\/\/www.sjdukelska.cz\/index.php?rest_route=\/wp\/v2\/pages\/125\/revisions\/194"}],"wp:attachment":[{"href":"https:\/\/www.sjdukelska.cz\/index.php?rest_route=%2Fwp%2Fv2%2Fmedia&parent=125"}],"curies":[{"name":"wp","href":"https:\/\/api.w.org\/{rel}","templated":true}]}}