
{"id":512,"date":"2023-01-16T09:37:07","date_gmt":"2023-01-16T08:37:07","guid":{"rendered":"https:\/\/www.sjdukelska.cz\/?page_id=512"},"modified":"2026-01-08T14:35:30","modified_gmt":"2026-01-08T13:35:30","slug":"rozpocty","status":"publish","type":"page","link":"https:\/\/www.sjdukelska.cz\/?page_id=512","title":{"rendered":"Rozpo\u010dty"},"content":{"rendered":"\n<p><a href=\"https:\/\/www.sjdukelska.cz\/wp-content\/uploads\/2023\/01\/rozpocet2023.pdf\" target=\"_blank\" rel=\"noopener\">Rozpo\u010det \u0160J na rok 2023<\/a><br \/><a href=\"https:\/\/www.sjdukelska.cz\/wp-content\/uploads\/2024\/03\/rozpocet_2024.pdf\" target=\"_blank\" rel=\"noopener\">Rozpo\u010det \u0160J na rok 2024<\/a><br \/><a href=\"https:\/\/www.sjdukelska.cz\/wp-content\/uploads\/2025\/01\/Rozpocet2025.pdf\" target=\"_blank\" rel=\"noopener\">Rozpo\u010det \u0160J na rok 2025<\/a><br \/><a href=\"https:\/\/www.sjdukelska.cz\/wp-content\/uploads\/2026\/01\/Navrh-rozpoctu-rok-2026.pdf\" target=\"_blank\" rel=\"noopener\">Rozpo\u010det \u0160J na rok 2026<\/a><br \/><a href=\"https:\/\/www.sjdukelska.cz\/wp-content\/uploads\/2025\/01\/vyhled2026_271.pdf\" target=\"_blank\" rel=\"noopener\">St\u0159edn\u011bdob\u00fd v\u00fdhled p\u0159\u00edjm\u016f a v\u00fddaj\u016f 2026\/2027<\/a><\/p>\n\n\n\n\n\n\n","protected":false},"excerpt":{"rendered":"<p>Rozpo\u010det \u0160J na rok 2023Rozpo\u010det \u0160J na rok 2024Rozpo\u010det \u0160J na rok 2025Rozpo\u010det \u0160J na rok 2026St\u0159edn\u011bdob\u00fd v\u00fdhled p\u0159\u00edjm\u016f a v\u00fddaj\u016f 2026\/2027<\/p>\n","protected":false},"author":1,"featured_media":0,"parent":0,"menu_order":0,"comment_status":"closed","ping_status":"closed","template":"","meta":{"footnotes":""},"class_list":["post-512","page","type-page","status-publish","hentry"],"_links":{"self":[{"href":"https:\/\/www.sjdukelska.cz\/index.php?rest_route=\/wp\/v2\/pages\/512","targetHints":{"allow":["GET"]}}],"collection":[{"href":"https:\/\/www.sjdukelska.cz\/index.php?rest_route=\/wp\/v2\/pages"}],"about":[{"href":"https:\/\/www.sjdukelska.cz\/index.php?rest_route=\/wp\/v2\/types\/page"}],"author":[{"embeddable":true,"href":"https:\/\/www.sjdukelska.cz\/index.php?rest_route=\/wp\/v2\/users\/1"}],"replies":[{"embeddable":true,"href":"https:\/\/www.sjdukelska.cz\/index.php?rest_route=%2Fwp%2Fv2%2Fcomments&post=512"}],"version-history":[{"count":10,"href":"https:\/\/www.sjdukelska.cz\/index.php?rest_route=\/wp\/v2\/pages\/512\/revisions"}],"predecessor-version":[{"id":673,"href":"https:\/\/www.sjdukelska.cz\/index.php?rest_route=\/wp\/v2\/pages\/512\/revisions\/673"}],"wp:attachment":[{"href":"https:\/\/www.sjdukelska.cz\/index.php?rest_route=%2Fwp%2Fv2%2Fmedia&parent=512"}],"curies":[{"name":"wp","href":"https:\/\/api.w.org\/{rel}","templated":true}]}}